{"id":556,"date":"2013-10-11T12:09:29","date_gmt":"2013-10-11T09:09:29","guid":{"rendered":"http:\/\/youonline.ro\/blog\/?page_id=556"},"modified":"2013-10-12T12:11:39","modified_gmt":"2013-10-12T09:11:39","slug":"profil-personal-dragan-adrian-marius","status":"publish","type":"page","link":"http:\/\/youonline.ro\/blog\/profil-personal-dragan-adrian-marius\/","title":{"rendered":"Dragan Adrian Marius"},"content":{"rendered":"<p><a href=\"http:\/\/draganadrian.youonline.ro\/\"><img loading=\"lazy\" decoding=\"async\" class=\" wp-image-559 alignleft\" alt=\"dragan-adrian-marius\" src=\"http:\/\/youonline.ro\/blog\/wp-content\/uploads\/2013\/10\/despre-adi.jpg\" width=\"219\" height=\"303\" srcset=\"http:\/\/youonline.ro\/blog\/wp-content\/uploads\/2013\/10\/despre-adi.jpg 740w, http:\/\/youonline.ro\/blog\/wp-content\/uploads\/2013\/10\/despre-adi-600x829.jpg 600w\" sizes=\"auto, (max-width: 219px) 100vw, 219px\" \/><\/a><\/p>\n<p style=\"text-align: right;\"><a href=\"http:\/\/facebook.com\/youonline.ro\" target=\"_blank\"><span style=\"color: #3b5998;\">Facebook <b>\u00bb<\/b><\/span><\/a><\/p>\n<p style=\"text-align: right;\"><a href=\"https:\/\/twitter.com\/YouOnlineRo\" target=\"_blank\"><span style=\"color: #22b1e5;\">Twitter <b>\u00bb<\/b><\/span><\/a><\/p>\n<p style=\"text-align: right;\"><a href=\"http:\/\/ro.linkedin.com\/pub\/adrian-dragan\/83\/33\/651\" target=\"_blank\"><span style=\"color: #0075a1;\">LinkedIn <b>\u00bb<\/b><\/span><\/a><\/p>\n<p style=\"text-align: right;\"><a href=\"https:\/\/plus.google.com\/106708872255156019535\/posts\" target=\"_blank\"><span style=\"color: #d94a38;\">Google+ <b>\u00bb<\/b><\/span><\/a><\/p>\n<p style=\"text-align: right;\"><a href=\"http:\/\/draganadrian.youonline.ro\/\" target=\"_blank\"><span style=\"color: #7d43bc;\">Carte de Vizit\u0103 <b>\u00bb<\/b><\/span><\/a><\/p>\n<p>&nbsp;<\/p>\n<p><em>Salut!<\/em><\/p>\n<p><em>Numele meu este <strong>Dr<\/strong><\/em><em><strong>agan Adrian Marius<\/strong> \u0219i scriu despre design web, promovare online \u0219i altele pe YouOnline Blog.<\/em><\/p>\n<hr \/>\n<p><b>Eu \u00een c\u00e2teva cuvinte<\/b><\/p>\n<p>Dac\u0103 suntem la rubrica asta \u00een care trebuie s\u0103 scriu c\u00e2te ceva despre mine, fac tot ce pot. \u00cemi place s\u0103 cred c\u0103 sunt pasionat de web design chiar dac\u0103 unii spun c\u0103 sunt de-a dreptul obsedat. Recunosc, este adev\u0103rat c\u0103 m\u0103 simt perfect \u00een fa\u021ba calculatorului \u0219i c\u0103 de multe ori stau ore \u00een \u0219ir f\u0103r\u0103 s\u0103-mi mai trebuiasc\u0103 altceva.<\/p>\n<p><b>\u00a0<\/b><\/p>\n<p><b>Mai pe larg despre mine&#8230;<\/b><\/p>\n<p><b><i>Studii \u0219i preg\u0103tire<\/i><\/b><\/p>\n<p>Sunt web designer \/ web developer \u0219i asta \u00eemi ocup\u0103 mai tot timpul.<\/p>\n<p>De aproape 10 ani m\u0103 implic mult \u00een toate proiectele p\u00e2n\u0103 sunt convins c\u0103 sunt cel pu\u021bin conforme cu standardele industriei. Nu creez niciodat\u0103 doar de dragul crea\u021biei ci vreau s\u0103 fie ceva de calitate, un suflu nou, o aplica\u021bie. Pe scurt, \u00eencerc mereu s\u0103-mi pun amprenta.<\/p>\n<p>\u00cen timpul liceului am \u00eenceput s\u0103 codific pagini web \u00een Notepad \u0219i s\u0103-mi doresc s\u0103 dezvolt c\u00e2t mai multe \u00een domeniu. Era doar o lume necunoscut\u0103 dar interesant\u0103 pentru un t\u00e2n\u0103r la v\u00e2rsta liceului \u0219i suficient de captivant\u0103 c\u00e2t s\u0103 nu m\u0103 mai lase s\u0103 fac \u0219i altceva cu timpul meu liber.<\/p>\n<p>Am studiat \u0219i am ob\u021binut diploma de licen\u021b\u0103 \u00een Informatic\u0103 Managerial\u0103. Am vrut s\u0103 m\u0103 perfec\u021bionez \u0219i mai mult \u0219i de accea am urmat \u0219i un master, tot informatic\u0103, la Universitatea Rom\u00e2no &#8211; American\u0103.<\/p>\n<p><b><i>Experien\u021ba profesional\u0103<\/i><\/b><\/p>\n<p>Studiile pe care le-am urmat, entuziasmul meu de programator \u0219i designer web, interesul din ce \u00een ce mai puternic pentru tehnologii moderne, solu\u021bii web, aplica\u021bii IT m-au transformat \u00eencet, \u00eencet \u00eentr-un designer cu experien\u021b\u0103.<\/p>\n<p>\u00cen parcursul meu profesional, am \u00eent\u00e2lnit \u0219i am gestionat diverse proiecte \u0219i am fost implicat \u00een multe activit\u0103\u021bi (consultan\u021b\u0103 web, re\u021bele, sisteme IT, promovare online etc.). Din fiecare experien\u021b\u0103 am \u00eencercat s\u0103 \u00eenv\u0103\u021b c\u00e2t mai multe, at\u00e2t din gre\u0219eli c\u00e2t \u0219i din reu\u0219ite. Toate m-au ajutat s\u0103 pot oferi acum ceva care s\u0103 poat\u0103 fi \u00eentradev\u0103r apreciat.<\/p>\n<p>Know-how-ul meu profesional este tocmai capacitatea de a \u00een\u021belege sistemul web, IT iar \u00a0experien\u021ba \u00eemi permite s\u0103 traduc, s\u0103 exprim \u00een limbaj tehnic\/informatic nevoile unei afaceri.<\/p>\n<p>Viziunea mea de afaceri este c\u00e2t se poate de simpl\u0103. Sunt foarte captivat de ceea ce fac \u0219i m\u0103 prind efectiv \u00een orice proiect derulez. Chiar dac\u0103 de multe ori sunt foarte solicitat, uit repede \u00a0c\u00e2nd v\u0103d clien\u021bii mul\u021bumi\u021bi de un site, de un design etc.<\/p>\n<p>Designul web este ceva mai mult dec\u00e2t simple culori sau forme care s\u0103 arate bine online. Cu timpul am aflat c\u0103 un site pentru a fi cu adev\u0103rat bun trebuie realizat ca un produs compact \u0219i unic.<\/p>\n<p><b>\u00a0<\/b><\/p>\n<p><b>Ce-mi mai place s\u0103 fac \u00een via\u021b\u0103?<\/b><\/p>\n<p>Sunt pasionat de gastronomie \u0219i pu\u021bin \u0219i de vinuri.<\/p>\n<p>Sunt perfec\u021bionist \u0219i cele mai mici detalii \u00eemi dau multe b\u0103t\u0103i de cap.<\/p>\n<p>Vorbesc pu\u021bin, nu \u021bin neap\u0103rat s\u0103 comunic cu to\u021bi; \u00eemi place s\u0103 ascult muzic\u0103 tare, s\u0103 fac trasee cu bicicleta, s\u0103 merg la sal\u0103 \u0219i sunt un foarte mare amator de seriale\/filme&#8230;dar rareori am suficient timp pentru toate acestea.<\/p>\n<p>&nbsp;<\/p>\n","protected":false},"excerpt":{"rendered":"<p>Facebook \u00bb Twitter \u00bb LinkedIn \u00bb Google+ \u00bb Carte de Vizit\u0103 \u00bb &nbsp; Salut! Numele meu este Dragan Adrian Marius \u0219i scriu despre design web, promovare online \u0219i altele pe YouOnline Blog. Eu \u00een c\u00e2teva cuvinte Dac\u0103 suntem la rubrica asta \u00een care trebuie s\u0103 scriu c\u00e2te ceva despre mine, fac tot ce pot. \u00cemi<a class=\"read-more \" href=\"http:\/\/youonline.ro\/blog\/profil-personal-dragan-adrian-marius\/\" title=\"Read More\"> <span class=\"button default\">Read More<\/span><\/a><\/p>\n","protected":false},"author":1,"featured_media":0,"parent":0,"menu_order":0,"comment_status":"open","ping_status":"open","template":"","meta":{"footnotes":""},"class_list":["post-556","page","type-page","status-publish","hentry"],"_links":{"self":[{"href":"http:\/\/youonline.ro\/blog\/wp-json\/wp\/v2\/pages\/556","targetHints":{"allow":["GET"]}}],"collection":[{"href":"http:\/\/youonline.ro\/blog\/wp-json\/wp\/v2\/pages"}],"about":[{"href":"http:\/\/youonline.ro\/blog\/wp-json\/wp\/v2\/types\/page"}],"author":[{"embeddable":true,"href":"http:\/\/youonline.ro\/blog\/wp-json\/wp\/v2\/users\/1"}],"replies":[{"embeddable":true,"href":"http:\/\/youonline.ro\/blog\/wp-json\/wp\/v2\/comments?post=556"}],"version-history":[{"count":47,"href":"http:\/\/youonline.ro\/blog\/wp-json\/wp\/v2\/pages\/556\/revisions"}],"predecessor-version":[{"id":679,"href":"http:\/\/youonline.ro\/blog\/wp-json\/wp\/v2\/pages\/556\/revisions\/679"}],"wp:attachment":[{"href":"http:\/\/youonline.ro\/blog\/wp-json\/wp\/v2\/media?parent=556"}],"curies":[{"name":"wp","href":"https:\/\/api.w.org\/{rel}","templated":true}]}}